{"id":28,"date":"2024-08-01T14:54:35","date_gmt":"2024-08-01T12:54:35","guid":{"rendered":"https:\/\/splelkowo.pl\/wordpress\/?page_id=28"},"modified":"2025-09-13T18:27:37","modified_gmt":"2025-09-13T16:27:37","slug":"kalendarium","status":"publish","type":"page","link":"https:\/\/splelkowo.pl\/wordpress\/kalendarium\/","title":{"rendered":"Dni wolne"},"content":{"rendered":"\t\t<div data-elementor-type=\"wp-page\" data-elementor-id=\"28\" class=\"elementor elementor-28\">\n\t\t\t\t<div class=\"elementor-element elementor-element-efa9fd7 e-flex e-con-boxed wpr-particle-no wpr-jarallax-no wpr-parallax-no wpr-sticky-section-no wpr-equal-height-no e-con e-parent\" data-id=\"efa9fd7\" data-element_type=\"container\" data-e-type=\"container\">\n\t\t\t\t\t<div class=\"e-con-inner\">\n\t\t\t\t<div class=\"elementor-element elementor-element-9123b41 elementor-widget elementor-widget-text-editor\" data-id=\"9123b41\" data-element_type=\"widget\" data-e-type=\"widget\" data-widget_type=\"text-editor.default\">\n\t\t\t\t<div class=\"elementor-widget-container\">\n\t\t\t\t\t\t\t\t\t<h3 style=\"text-align: center;\">Kalendarz organizacji roku szkolnego w Szkole Podstawowej w Lelkowie oraz Szkole Filialnej w Zagajach w roku szkolnym 2024\/2025<\/h3><p>&#8211; Pocz\u0105tek roku szkolnego \u2013 01.09.2025<\/p><p>&#8211; Koniec roku szkolnego- 26.06.2026<\/p><p>&#8211; Przerwa \u015bwi\u0105teczna zimowa- 22-31.12.2025<\/p><p>&#8211; Przerwa \u015bwi\u0105teczna wiosenna- 02-07.04.2026<\/p><p>&#8211; Ferie zimowe- 19-30.01.2026<\/p><p><strong>Dni dodatkowo wolne :<\/strong><\/p><p>&#8211; 31.10.2025 (pi\u0105tek);<\/p><p>-10.11.2025 (poniedzia\u0142ek)<\/p><p>&#8211; 02. 01 i 05.01.2026 (pi\u0105tek i poniedzia\u0142ek);<\/p><p>&#8211; 05.06.2026 (pi\u0105tek)<\/p><p>&#8211; 11-13.05.2026- Egzamin \u00f3smoklasisty- wolne od zaj\u0119\u0107 lekcyjnych- uczniowie kl. IV- VIII<\/p>\t\t\t\t\t\t\t\t<\/div>\n\t\t\t\t<\/div>\n\t\t\t\t\t<\/div>\n\t\t\t\t<\/div>\n\t\t\t\t<\/div>\n\t\t","protected":false},"excerpt":{"rendered":"<p>Kalendarz organizacji roku szkolnego w Szkole Podstawowej w Lelkowie oraz Szkole Filialnej w Zagajach w roku szkolnym 2024\/2025 &#8211; Pocz\u0105tek roku szkolnego \u2013 01.09.2025 &#8211; Koniec roku szkolnego- 26.06.2026 &#8211; Przerwa \u015bwi\u0105teczna zimowa- 22-31.12.2025 &#8211; Przerwa \u015bwi\u0105teczna wiosenna- 02-07.04.2026 &#8211; Ferie zimowe- 19-30.01.2026 Dni dodatkowo wolne : &#8211; 31.10.2025 (pi\u0105tek); -10.11.2025 (poniedzia\u0142ek) &#8211; 02. 01 i 05.01.2026 (pi\u0105tek i poniedzia\u0142ek); &#8211; 05.06.2026 (pi\u0105tek) &#8211; 11-13.05.2026- Egzamin \u00f3smoklasisty- wolne od zaj\u0119\u0107 lekcyjnych- uczniowie kl. IV- VIII<\/p>\n","protected":false},"author":1,"featured_media":0,"parent":0,"menu_order":0,"comment_status":"closed","ping_status":"closed","template":"","meta":{"site-sidebar-layout":"no-sidebar","site-content-layout":"","ast-site-content-layout":"full-width-container","site-content-style":"default","site-sidebar-style":"default","ast-global-header-display":"","ast-banner-title-visibility":"","ast-main-header-display":"","ast-hfb-above-header-display":"","ast-hfb-below-header-display":"","ast-hfb-mobile-header-display":"","site-post-title":"disabled","ast-breadcrumbs-content":"","ast-featured-img":"disabled","footer-sml-layout":"","ast-disable-related-posts":"","theme-transparent-header-meta":"default","adv-header-id-meta":"","stick-header-meta":"","header-above-stick-meta":"","header-main-stick-meta":"","header-below-stick-meta":"","astra-migrate-meta-layouts":"set","ast-page-background-enabled":"default","ast-page-background-meta":{"desktop":{"background-color":"var(--ast-global-color-4)","background-image":"","background-repeat":"repeat","background-position":"center center","background-size":"auto","background-attachment":"scroll","background-type":"","background-media":"","overlay-type":"","overlay-color":"","overlay-opacity":"","overlay-gradient":""},"tablet":{"background-color":"","background-image":"","background-repeat":"repeat","background-position":"center center","background-size":"auto","background-attachment":"scroll","background-type":"","background-media":"","overlay-type":"","overlay-color":"","overlay-opacity":"","overlay-gradient":""},"mobile":{"background-color":"","background-image":"","background-repeat":"repeat","background-position":"center center","background-size":"auto","background-attachment":"scroll","background-type":"","background-media":"","overlay-type":"","overlay-color":"","overlay-opacity":"","overlay-gradient":""}},"ast-content-background-meta":{"desktop":{"background-color":"var(--ast-global-color-5)","background-image":"","background-repeat":"repeat","background-position":"center center","background-size":"auto","background-attachment":"scroll","background-type":"","background-media":"","overlay-type":"","overlay-color":"","overlay-opacity":"","overlay-gradient":""},"tablet":{"background-color":"var(--ast-global-color-5)","background-image":"","background-repeat":"repeat","background-position":"center center","background-size":"auto","background-attachment":"scroll","background-type":"","background-media":"","overlay-type":"","overlay-color":"","overlay-opacity":"","overlay-gradient":""},"mobile":{"background-color":"var(--ast-global-color-5)","background-image":"","background-repeat":"repeat","background-position":"center center","background-size":"auto","background-attachment":"scroll","background-type":"","background-media":"","overlay-type":"","overlay-color":"","overlay-opacity":"","overlay-gradient":""}},"footnotes":""},"class_list":["post-28","page","type-page","status-publish","hentry"],"_links":{"self":[{"href":"https:\/\/splelkowo.pl\/wordpress\/wp-json\/wp\/v2\/pages\/28","targetHints":{"allow":["GET"]}}],"collection":[{"href":"https:\/\/splelkowo.pl\/wordpress\/wp-json\/wp\/v2\/pages"}],"about":[{"href":"https:\/\/splelkowo.pl\/wordpress\/wp-json\/wp\/v2\/types\/page"}],"author":[{"embeddable":true,"href":"https:\/\/splelkowo.pl\/wordpress\/wp-json\/wp\/v2\/users\/1"}],"replies":[{"embeddable":true,"href":"https:\/\/splelkowo.pl\/wordpress\/wp-json\/wp\/v2\/comments?post=28"}],"version-history":[{"count":13,"href":"https:\/\/splelkowo.pl\/wordpress\/wp-json\/wp\/v2\/pages\/28\/revisions"}],"predecessor-version":[{"id":1427,"href":"https:\/\/splelkowo.pl\/wordpress\/wp-json\/wp\/v2\/pages\/28\/revisions\/1427"}],"wp:attachment":[{"href":"https:\/\/splelkowo.pl\/wordpress\/wp-json\/wp\/v2\/media?parent=28"}],"curies":[{"name":"wp","href":"https:\/\/api.w.org\/{rel}","templated":true}]}}