{"id":798,"date":"2025-03-23T21:59:17","date_gmt":"2025-03-23T20:59:17","guid":{"rendered":"https:\/\/splelkowo.pl\/wordpress\/?page_id=798"},"modified":"2026-03-30T20:50:15","modified_gmt":"2026-03-30T18:50:15","slug":"deklaracja-dostepnosci","status":"publish","type":"page","link":"https:\/\/splelkowo.pl\/wordpress\/deklaracja-dostepnosci\/","title":{"rendered":"Deklaracja dostepnosci"},"content":{"rendered":"<h1>Deklaracja dost\u0119pno\u015bci<\/h1>\n<section id=\"a11y-wstep\"><span id=\"a11y-podmiot\"> Szko\u0142a Podstawowa im. Or\u0142a Bia\u0142ego w Lelkowie<\/span> zobowi\u0105zuje si\u0119 zapewni\u0107 dost\u0119pno\u015b\u0107 swojej <span id=\"a11y-zakres\">strony internetowej<\/span> zgodnie z ustaw\u0105 z dnia 4 kwietnia 2019 r. o dost\u0119pno\u015bci cyfrowej stron internetowych i aplikacji mobilnych podmiot\u00f3w publicznych.Deklaracja dost\u0119pno\u015bci dotyczy strony <a id=\"a11y-url\" href=\" https:\/\/splelkowo.pl\/wordpress\/\"> https:\/\/www.splelkowo.pl<\/a>.<\/p>\n<\/section>\n<p>Data publikacji strony internetowej: <time id=\"a11y-data-publikacja\" datetime=\"2024-08-01\">1 sierpnia 2024 r. <\/time>Data ostatniej istotnej aktualizacji: <time id=\"a11y-data-aktualizacja\" datetime=\"2025-02-28\"> 28 lutego 2025 r.<\/time><\/p>\n<h2>Stan dost\u0119pno\u015bci cyfrowej<\/h2>\n<p id=\"a11y-status\">Ta strona internetowa jest cz\u0119\u015bciowo zgodna z za\u0142\u0105cznikiem do ustawy o dost\u0119pno\u015bci cyfrowej z dnia 4 kwietnia 2019 r. o dost\u0119pno\u015bci cyfrowej stron internetowych i aplikacji mobilnych podmiot\u00f3w publicznych z powodu niezgodno\u015bci wymienionych poni\u017cej.<\/p>\n<h2>Niedost\u0119pne tre\u015bci<\/h2>\n<h3>Niezgodno\u015b\u0107 z za\u0142\u0105cznikiem<\/h3>\n<ul>\n<li><a href=\" https:\/\/splelkowo.pl\/wordpress\/taniec-dla-zdrowia-zajecia-w-ramach-projektu-ulp\/\">Na stronie nie zapewniono alternatywy dla tre\u015bci nietekstowej.<\/a><\/li>\n<li><a href=\" https:\/\/splelkowo.pl\/wordpress\/rada-rodzicow\/\">Nie zastosowano odpowiednich znacznik\u00f3w semantycznych, aby struktura tre\u015bci by\u0142a jasna i logiczna. <\/a><\/li>\n<li><a href=\" https:\/\/splelkowo.pl\/wordpress\/rozklad-jazdy-autobusow\/\">Strona u\u017cywa grafik aby przedstawi\u0107 tekst. <\/a><\/li>\n<li>Tre\u015bci spod kursora nie spe\u0142niaj\u0105 trzech g\u0142\u00f3wnych wymaga\u0144.<\/li>\n<li><a href=\" https:\/\/splelkowo.pl\/wordpress\/historia-2\/\">Nie zawarto poprawnie sformu\u0142owanego tytu\u0142u opisowego strony internetowej. <\/a><\/li>\n<li><a href=\" https:\/\/splelkowo.pl\/\">W przypadku automatycznie aktualizowanej tre\u015bci nie zosta\u0142y wdro\u017cone rozwi\u0105zania pozwalaj\u0105ce na pauz\u0119, zatrzymanie lub ukrywanie. <\/a><\/li>\n<li><a href=\" https:\/\/splelkowo.pl\/wordpress\/dokumenty\/\">Na stronie internetowej nie zawarto celu link\u00f3w w kontek\u015bcie. <\/a><\/li>\n<li>Na stronie brak mo\u017cliwo\u015bci zlokalizowania podstron na wiele sposob\u00f3w.<\/li>\n<\/ul>\n<h2>Przygotowanie deklaracji dost\u0119pno\u015bci i jej aktualizacja<\/h2>\n<ul>\n<li>Data sporz\u0105dzenia deklaracji: <time id=\"a11y-data-sporzadzenie\" datetime=\"2025-03-10\">10 marca 2025 roku.<\/time><\/li>\n<li>Data ostatniego przegl\u0105du deklaracji: <time id=\"a11y-dataprzeglad\" datetime=\"2026-03-16\">16 marca 2026 roku.<\/time><\/li>\n<\/ul>\n<p>Deklaracj\u0119 sporz\u0105dzili\u015bmy na podstawie badania przeprowadzonego przez CBI24 Sp. z o.o. Wyniki badania przedstawia <a href=\" https:\/\/cbi24.pl\/ds\/streszczenie-czg.pdf \">Streszczenie raportu z audytu (95 kb, PDF)<\/a>.<\/p>\n<h2>Informacje zwrotne i dane kontaktowe<\/h2>\n<p>Wszystkie problemy z dost\u0119pno\u015bci\u0105 cyfrow\u0105 tej strony internetowej mo\u017cesz zg\u0142osi\u0107 do <span id=\"a11y-kontakt\"> Magdalena Szafran<\/span> \u2014 mejlowo <a id=\"a11y-email\" href=\"mailto:sekretariat@splelkowo.pl\"> sekretariat@splelkowo.pl<\/a> lub telefonicznie <a id=\"a11y-telefon\" href=\"tel:+48503808696\"> 503808696<\/a>.<\/p>\n<p>Ka\u017cdy ma prawo wyst\u0105pi\u0107 z \u017c\u0105daniem zapewnienia dost\u0119pno\u015bci cyfrowej tej strony internetowej lub jej element\u00f3w.<\/p>\n<p>Zg\u0142aszaj\u0105c takie \u017c\u0105danie podaj:<\/p>\n<ul>\n<li>swoje imi\u0119 i nazwisko,<\/li>\n<li>swoje dane kontaktowe (np. numer telefonu, e-mail),<\/li>\n<li>dok\u0142adny adres strony internetowej, na kt\u00f3rej jest niedost\u0119pny cyfrowo element lub tre\u015b\u0107,<\/li>\n<li>opis na czym polega problem i jaki spos\u00f3b jego rozwi\u0105zania by\u0142by dla Ciebie najwygodniejszy.<\/li>\n<\/ul>\n<p>Na Twoje zg\u0142oszenie odpowiemy najszybciej jak to mo\u017cliwe, nie p\u00f3\u017aniej ni\u017c w ci\u0105gu 7 dni od jego otrzymania.<\/p>\n<p>Je\u017celi ten termin b\u0119dzie dla nas zbyt kr\u00f3tki poinformujemy Ci\u0119 o tym. W tej informacji podamy nowy termin, do kt\u00f3rego poprawimy zg\u0142oszone przez Ciebie b\u0142\u0119dy lub przygotujemy informacje w alternatywny spos\u00f3b. Ten nowy termin nie b\u0119dzie d\u0142u\u017cszy ni\u017c 2 miesi\u0105ce.<\/p>\n<p>Je\u017celi nie b\u0119dziemy w stanie zapewni\u0107 dost\u0119pno\u015bci cyfrowej strony internetowej lub tre\u015bci, wskazanej w Twoim \u017c\u0105daniu, zaproponujemy Ci dost\u0119p do nich w alternatywny spos\u00f3b.<\/p>\n<section id=\"a11y-procedura\">\n<h3>Obs\u0142uga wniosk\u00f3w i skarg zwi\u0105zanych z dost\u0119pno\u015bci\u0105<\/h3>\n<p>Je\u017celi w odpowiedzi na Tw\u00f3j wniosek o zapewnienie dost\u0119pno\u015bci cyfrowej, odm\u00f3wimy zapewnienia \u017c\u0105danej przez Ciebie dost\u0119pno\u015bci cyfrowej, a Ty nie zgadzasz si\u0119 z t\u0105 odmow\u0105, masz prawo z\u0142o\u017cy\u0107 skarg\u0119.<\/p>\n<p>Skarg\u0119 masz prawo z\u0142o\u017cy\u0107 tak\u017ce, je\u015bli nie zgadzasz si\u0119 na skorzystanie z alternatywnego sposobu dost\u0119pu, kt\u00f3ry zaproponowali\u015bmy Ci w odpowiedzi na Tw\u00f3j wniosek o zapewnienie dost\u0119pno\u015bci cyfrowej.<\/p>\n<p>Ewentualn\u0105 skarg\u0119 z\u0142\u00f3\u017c listownie lub mailem do kierownictwa naszego urz\u0119du:<\/p>\n<ul>\n<li>Szko\u0142a Podstawowa im. Or\u0142a Bia\u0142ego w Lelkowie,<\/li>\n<li>Lelkowo 115, 14-521 Lelkowo,<\/li>\n<li>mejl: <a href=\"mailto:sekretariat@splelkowo.pl \"> sekretariat@splelkowo.pl <\/a>.<\/li>\n<\/ul>\n<p><a href=\"https:\/\/www.gov.pl\/web\/gov\/zloz-wniosek-o-zapewnieniedostepnosci-cyfrowej-strony-internetowej-lub-aplikacji-mobilnej\">Pomocne mog\u0105 by\u0107 informacje,<br \/>\nkt\u00f3re mo\u017cna znale\u017a\u0107 na rz\u0105dowym portalu gov.pl<\/a>.<\/p>\n<p>Mo\u017cesz tak\u017ce poinformowa\u0107 o tej sytuacji <a href=\"https:\/\/bip.brpo.gov.pl\/\"> Rzecznika Praw Obywatelskich<\/a> i poprosi\u0107 o interwencj\u0119 w Twojej sprawie.<\/p>\n<\/section>\n<h2>Pozosta\u0142e informacje<\/h2>\n<section id=\"a11y-architektura\">\n<h3>Dost\u0119pno\u015b\u0107 architektoniczna<\/h3>\n<h4>Szko\u0142a Podstawowa im. Or\u0142a Bia\u0142ego w Lelkowie, Lelkowo 115, 14-521 Lelkowo<\/h4>\n<p>Osoby na w\u00f3zku mog\u0105 wjecha\u0107 tylko na parter budynku.<\/p>\n<p>Drzwi i \u015bciany szklane nie s\u0105 oznaczone kontrastow\u0105 ta\u015bm\u0105.<\/p>\n<p>Schody wyposa\u017cone s\u0105 w por\u0119cze.<\/p>\n<p>Stopnie schod\u00f3w s\u0105 oznaczone kontrastowymi pasami.<\/p>\n<p>Brak windy.<\/p>\n<p>Brak toalety dla os\u00f3b z niepe\u0142nosprawno\u015bciami.<\/p>\n<p>Brak parkingu dla os\u00f3b z niepe\u0142nosprawno\u015bciami.<\/p>\n<p>Brak tyflomap.<\/p>\n<p>Pomieszczenia w budynku nie s\u0105 oznaczone tabliczkami z wypuk\u0142ymi cyframi i alfabetem brajla.<\/p>\n<p>Brak d\u017awi\u0119kowego systemu nawigacji dla os\u00f3b niewidomych.<\/p>\n<p>Jest mo\u017cliwo\u015b\u0107 wst\u0119pu z psem asystuj\u0105cym.<\/p>\n<p>Dane kontaktowe koordynatora dost\u0119pno\u015bci podmiotu publicznego: sekretariat@splelkowo.pl , 55 244 81 03 .<\/p>\n<\/section>\n<section id=\"a11y-komunikacja\">\n<h3>Dost\u0119pno\u015b\u0107 komunikacyjno-informacyjna<\/h3>\n<p>Brak mo\u017cliwo\u015bci skorzystania z t\u0142umacza j\u0119zyka migowego.<\/p>\n<p>W budynku nie ma p\u0119tli indukcyjnych.<\/p>\n<\/section>\n","protected":false},"excerpt":{"rendered":"<p>Deklaracja dost\u0119pno\u015bci Szko\u0142a Podstawowa im. Or\u0142a Bia\u0142ego w Lelkowie zobowi\u0105zuje si\u0119 zapewni\u0107 dost\u0119pno\u015b\u0107 swojej strony internetowej zgodnie z ustaw\u0105 z dnia 4 kwietnia 2019 r. o dost\u0119pno\u015bci cyfrowej stron internetowych i aplikacji mobilnych podmiot\u00f3w publicznych.Deklaracja dost\u0119pno\u015bci dotyczy strony https:\/\/www.splelkowo.pl. Data publikacji strony internetowej: 1 sierpnia 2024 r. Data ostatniej istotnej aktualizacji: 28 lutego 2025 r. Stan dost\u0119pno\u015bci cyfrowej Ta strona internetowa jest cz\u0119\u015bciowo zgodna z za\u0142\u0105cznikiem do ustawy o dost\u0119pno\u015bci cyfrowej z dnia 4 kwietnia 2019 r. o dost\u0119pno\u015bci cyfrowej stron internetowych i aplikacji mobilnych podmiot\u00f3w publicznych z powodu niezgodno\u015bci wymienionych poni\u017cej. Niedost\u0119pne tre\u015bci Niezgodno\u015b\u0107 z za\u0142\u0105cznikiem Na stronie nie zapewniono alternatywy dla tre\u015bci nietekstowej. Nie zastosowano odpowiednich znacznik\u00f3w semantycznych, aby struktura tre\u015bci by\u0142a jasna i logiczna. Strona u\u017cywa grafik aby przedstawi\u0107 tekst. Tre\u015bci spod kursora nie spe\u0142niaj\u0105 trzech g\u0142\u00f3wnych wymaga\u0144. Nie zawarto poprawnie sformu\u0142owanego tytu\u0142u opisowego strony internetowej. W przypadku automatycznie aktualizowanej tre\u015bci nie zosta\u0142y wdro\u017cone rozwi\u0105zania pozwalaj\u0105ce na pauz\u0119, zatrzymanie lub ukrywanie. Na stronie internetowej nie zawarto celu link\u00f3w w kontek\u015bcie. Na stronie brak mo\u017cliwo\u015bci zlokalizowania podstron na wiele sposob\u00f3w. Przygotowanie deklaracji dost\u0119pno\u015bci i jej aktualizacja Data sporz\u0105dzenia deklaracji: 10 marca 2025 roku. Data ostatniego przegl\u0105du deklaracji: 16 marca 2026 roku. Deklaracj\u0119 sporz\u0105dzili\u015bmy na podstawie badania przeprowadzonego przez CBI24 Sp. z o.o. Wyniki badania przedstawia Streszczenie raportu z audytu (95 kb, PDF). Informacje zwrotne i dane kontaktowe Wszystkie problemy z dost\u0119pno\u015bci\u0105 cyfrow\u0105 tej strony internetowej mo\u017cesz zg\u0142osi\u0107 do Magdalena Szafran \u2014 mejlowo sekretariat@splelkowo.pl lub telefonicznie 503808696. Ka\u017cdy ma prawo wyst\u0105pi\u0107 z \u017c\u0105daniem zapewnienia dost\u0119pno\u015bci cyfrowej tej strony internetowej lub jej element\u00f3w. Zg\u0142aszaj\u0105c takie \u017c\u0105danie podaj: swoje imi\u0119 i nazwisko, swoje dane kontaktowe (np. numer telefonu, e-mail), dok\u0142adny adres strony internetowej, na kt\u00f3rej jest niedost\u0119pny cyfrowo element lub tre\u015b\u0107, opis na czym polega problem i jaki spos\u00f3b jego rozwi\u0105zania by\u0142by dla Ciebie najwygodniejszy. Na Twoje zg\u0142oszenie odpowiemy najszybciej jak to mo\u017cliwe, nie p\u00f3\u017aniej ni\u017c w ci\u0105gu 7 dni od jego otrzymania. Je\u017celi ten termin b\u0119dzie dla nas zbyt kr\u00f3tki poinformujemy Ci\u0119 o tym. W tej informacji podamy nowy termin, do kt\u00f3rego poprawimy zg\u0142oszone przez Ciebie b\u0142\u0119dy lub przygotujemy informacje w alternatywny spos\u00f3b. Ten nowy termin nie b\u0119dzie d\u0142u\u017cszy ni\u017c 2 miesi\u0105ce. Je\u017celi nie b\u0119dziemy w stanie zapewni\u0107 dost\u0119pno\u015bci cyfrowej strony internetowej lub tre\u015bci, wskazanej w Twoim \u017c\u0105daniu, zaproponujemy Ci dost\u0119p do nich w alternatywny spos\u00f3b. Obs\u0142uga wniosk\u00f3w i skarg zwi\u0105zanych z dost\u0119pno\u015bci\u0105 Je\u017celi w odpowiedzi na Tw\u00f3j wniosek o zapewnienie dost\u0119pno\u015bci cyfrowej, odm\u00f3wimy zapewnienia \u017c\u0105danej przez Ciebie dost\u0119pno\u015bci cyfrowej, a Ty nie zgadzasz si\u0119 z t\u0105 odmow\u0105, masz prawo z\u0142o\u017cy\u0107 skarg\u0119. Skarg\u0119 masz prawo z\u0142o\u017cy\u0107 tak\u017ce, je\u015bli nie zgadzasz si\u0119 na skorzystanie z alternatywnego sposobu dost\u0119pu, kt\u00f3ry zaproponowali\u015bmy Ci w odpowiedzi na Tw\u00f3j wniosek o zapewnienie dost\u0119pno\u015bci cyfrowej. Ewentualn\u0105 skarg\u0119 z\u0142\u00f3\u017c listownie lub mailem do kierownictwa naszego urz\u0119du: Szko\u0142a Podstawowa im. Or\u0142a Bia\u0142ego w Lelkowie, Lelkowo 115, 14-521 Lelkowo, mejl: sekretariat@splelkowo.pl . Pomocne mog\u0105 by\u0107 informacje, kt\u00f3re mo\u017cna znale\u017a\u0107 na rz\u0105dowym portalu gov.pl. Mo\u017cesz tak\u017ce poinformowa\u0107 o tej sytuacji Rzecznika Praw Obywatelskich i poprosi\u0107 o interwencj\u0119 w Twojej sprawie. Pozosta\u0142e informacje Dost\u0119pno\u015b\u0107 architektoniczna Szko\u0142a Podstawowa im. Or\u0142a Bia\u0142ego w Lelkowie, Lelkowo 115, 14-521 Lelkowo Osoby na w\u00f3zku mog\u0105 wjecha\u0107 tylko na parter budynku. Drzwi i \u015bciany szklane nie s\u0105 oznaczone kontrastow\u0105 ta\u015bm\u0105. Schody wyposa\u017cone s\u0105 w por\u0119cze. Stopnie schod\u00f3w s\u0105 oznaczone kontrastowymi pasami. Brak windy. Brak toalety dla os\u00f3b z niepe\u0142nosprawno\u015bciami. Brak parkingu dla os\u00f3b z niepe\u0142nosprawno\u015bciami. Brak tyflomap. Pomieszczenia w budynku nie s\u0105 oznaczone tabliczkami z wypuk\u0142ymi cyframi i alfabetem brajla. Brak d\u017awi\u0119kowego systemu nawigacji dla os\u00f3b niewidomych. Jest mo\u017cliwo\u015b\u0107 wst\u0119pu z psem asystuj\u0105cym. Dane kontaktowe koordynatora dost\u0119pno\u015bci podmiotu publicznego: sekretariat@splelkowo.pl , 55 244 81 03 . Dost\u0119pno\u015b\u0107 komunikacyjno-informacyjna Brak mo\u017cliwo\u015bci skorzystania z t\u0142umacza j\u0119zyka migowego. W budynku nie ma p\u0119tli indukcyjnych.<\/p>\n","protected":false},"author":1,"featured_media":0,"parent":0,"menu_order":0,"comment_status":"closed","ping_status":"closed","template":"","meta":{"site-sidebar-layout":"default","site-content-layout":"","ast-site-content-layout":"default","site-content-style":"default","site-sidebar-style":"default","ast-global-header-display":"","ast-banner-title-visibility":"","ast-main-header-display":"","ast-hfb-above-header-display":"","ast-hfb-below-header-display":"","ast-hfb-mobile-header-display":"","site-post-title":"disabled","ast-breadcrumbs-content":"","ast-featured-img":"","footer-sml-layout":"","ast-disable-related-posts":"","theme-transparent-header-meta":"default","adv-header-id-meta":"","stick-header-meta":"","header-above-stick-meta":"","header-main-stick-meta":"","header-below-stick-meta":"","astra-migrate-meta-layouts":"set","ast-page-background-enabled":"default","ast-page-background-meta":{"desktop":{"background-color":"var(--ast-global-color-4)","background-image":"","background-repeat":"repeat","background-position":"center center","background-size":"auto","background-attachment":"scroll","background-type":"","background-media":"","overlay-type":"","overlay-color":"","overlay-opacity":"","overlay-gradient":""},"tablet":{"background-color":"","background-image":"","background-repeat":"repeat","background-position":"center center","background-size":"auto","background-attachment":"scroll","background-type":"","background-media":"","overlay-type":"","overlay-color":"","overlay-opacity":"","overlay-gradient":""},"mobile":{"background-color":"","background-image":"","background-repeat":"repeat","background-position":"center center","background-size":"auto","background-attachment":"scroll","background-type":"","background-media":"","overlay-type":"","overlay-color":"","overlay-opacity":"","overlay-gradient":""}},"ast-content-background-meta":{"desktop":{"background-color":"var(--ast-global-color-5)","background-image":"","background-repeat":"repeat","background-position":"center center","background-size":"auto","background-attachment":"scroll","background-type":"","background-media":"","overlay-type":"","overlay-color":"","overlay-opacity":"","overlay-gradient":""},"tablet":{"background-color":"var(--ast-global-color-5)","background-image":"","background-repeat":"repeat","background-position":"center center","background-size":"auto","background-attachment":"scroll","background-type":"","background-media":"","overlay-type":"","overlay-color":"","overlay-opacity":"","overlay-gradient":""},"mobile":{"background-color":"var(--ast-global-color-5)","background-image":"","background-repeat":"repeat","background-position":"center center","background-size":"auto","background-attachment":"scroll","background-type":"","background-media":"","overlay-type":"","overlay-color":"","overlay-opacity":"","overlay-gradient":""}},"footnotes":""},"class_list":["post-798","page","type-page","status-publish","hentry"],"_links":{"self":[{"href":"https:\/\/splelkowo.pl\/wordpress\/wp-json\/wp\/v2\/pages\/798","targetHints":{"allow":["GET"]}}],"collection":[{"href":"https:\/\/splelkowo.pl\/wordpress\/wp-json\/wp\/v2\/pages"}],"about":[{"href":"https:\/\/splelkowo.pl\/wordpress\/wp-json\/wp\/v2\/types\/page"}],"author":[{"embeddable":true,"href":"https:\/\/splelkowo.pl\/wordpress\/wp-json\/wp\/v2\/users\/1"}],"replies":[{"embeddable":true,"href":"https:\/\/splelkowo.pl\/wordpress\/wp-json\/wp\/v2\/comments?post=798"}],"version-history":[{"count":5,"href":"https:\/\/splelkowo.pl\/wordpress\/wp-json\/wp\/v2\/pages\/798\/revisions"}],"predecessor-version":[{"id":2226,"href":"https:\/\/splelkowo.pl\/wordpress\/wp-json\/wp\/v2\/pages\/798\/revisions\/2226"}],"wp:attachment":[{"href":"https:\/\/splelkowo.pl\/wordpress\/wp-json\/wp\/v2\/media?parent=798"}],"curies":[{"name":"wp","href":"https:\/\/api.w.org\/{rel}","templated":true}]}}